{"id":2,"date":"2025-04-10T17:20:13","date_gmt":"2025-04-10T15:20:13","guid":{"rendered":"https:\/\/www.xefi.com\/?page_id=2"},"modified":"2025-10-21T10:30:12","modified_gmt":"2025-10-21T08:30:12","slug":"accueil","status":"publish","type":"page","link":"https:\/\/www.xefi.com\/fr\/","title":{"rendered":"Accueil"},"content":{"rendered":"\n<div class=\"wp-block-group alignfull is-layout-constrained wp-container-core-group-is-layout-3c36e148 wp-block-group-is-layout-constrained\" style=\"padding-top:var(--wp--preset--spacing--80);padding-right:var(--wp--preset--spacing--50);padding-bottom:0;padding-left:var(--wp--preset--spacing--50)\">\n<h2 class=\"wp-block-heading has-text-align-center\" style=\"margin-bottom:var(--wp--preset--spacing--50)\">nos <mark style=\"background-color:rgba(0, 0, 0, 0)\" class=\"has-inline-color has-primary-color\">sites internet<\/mark><\/h2>\n\n\n\n<p class=\"has-text-align-center\" style=\"margin-bottom:var(--wp--preset--spacing--80)\"><strong>Trouvez votre agence XEFI la plus proche&nbsp;! Nos agences de proximit\u00e9 en France et en<\/strong><br><strong>Europe accompagnent les TPE\/PME au quotidien avec des solutions IT cl\u00e9s en main.<\/strong><\/p>\n\n\n\n<div class=\"wp-block-columns is-layout-flex wp-container-core-columns-is-layout-3369313e wp-block-columns-is-layout-flex\" style=\"margin-bottom:var(--wp--preset--spacing--50)\">\n<div class=\"wp-block-column is-layout-flow wp-block-column-is-layout-flow\">\n<figure class=\"wp-block-image size-full\"><img loading=\"lazy\" decoding=\"async\" width=\"638\" height=\"479\" src=\"https:\/\/www.xefi.com\/wp-content\/uploads\/2025\/06\/image_xefi_france-e1751276885436.jpg\" alt=\"\" class=\"wp-image-65\" style=\"aspect-ratio:4\/3;object-fit:cover\" srcset=\"https:\/\/www.xefi.com\/wp-content\/uploads\/2025\/06\/image_xefi_france-e1751276885436.jpg 638w, https:\/\/www.xefi.com\/wp-content\/uploads\/2025\/06\/image_xefi_france-e1751276885436-300x225.jpg 300w\" sizes=\"auto, (max-width: 638px) 100vw, 638px\" \/><\/figure>\n\n\n\n<div class=\"wp-block-buttons is-layout-flex wp-block-buttons-is-layout-flex\">\n<div class=\"wp-block-button has-custom-width wp-block-button__width-100\"><a class=\"wp-block-button__link wp-element-button\" href=\"https:\/\/www.xefi.fr\/fr\">XEFI France<\/a><\/div>\n<\/div>\n<\/div>\n\n\n\n<div class=\"wp-block-column is-layout-flow wp-block-column-is-layout-flow\">\n<figure class=\"wp-block-image size-full\"><img loading=\"lazy\" decoding=\"async\" width=\"637\" height=\"478\" src=\"https:\/\/www.xefi.com\/wp-content\/uploads\/2025\/06\/image_xefi_espagne-e1751276870825.jpg\" alt=\"\" class=\"wp-image-64\" style=\"aspect-ratio:4\/3;object-fit:cover\" srcset=\"https:\/\/www.xefi.com\/wp-content\/uploads\/2025\/06\/image_xefi_espagne-e1751276870825.jpg 637w, https:\/\/www.xefi.com\/wp-content\/uploads\/2025\/06\/image_xefi_espagne-e1751276870825-300x225.jpg 300w\" sizes=\"auto, (max-width: 637px) 100vw, 637px\" \/><\/figure>\n\n\n\n<div class=\"wp-block-buttons is-layout-flex wp-block-buttons-is-layout-flex\">\n<div class=\"wp-block-button has-custom-width wp-block-button__width-100\"><a class=\"wp-block-button__link wp-element-button\" href=\"https:\/\/www.xefi.es\/es\">XEFI Espagne<\/a><\/div>\n<\/div>\n<\/div>\n\n\n\n<div class=\"wp-block-column is-layout-flow wp-block-column-is-layout-flow\">\n<figure class=\"wp-block-image size-full\"><img loading=\"lazy\" decoding=\"async\" width=\"639\" height=\"479\" src=\"https:\/\/www.xefi.com\/wp-content\/uploads\/2025\/06\/image_xefi_suisse-e1751276909297.jpg\" alt=\"\" class=\"wp-image-67\" style=\"aspect-ratio:4\/3;object-fit:cover\" srcset=\"https:\/\/www.xefi.com\/wp-content\/uploads\/2025\/06\/image_xefi_suisse-e1751276909297.jpg 639w, https:\/\/www.xefi.com\/wp-content\/uploads\/2025\/06\/image_xefi_suisse-e1751276909297-300x225.jpg 300w\" sizes=\"auto, (max-width: 639px) 100vw, 639px\" \/><\/figure>\n\n\n\n<div class=\"wp-block-buttons is-layout-flex wp-block-buttons-is-layout-flex\">\n<div class=\"wp-block-button has-custom-width wp-block-button__width-100\"><a class=\"wp-block-button__link wp-element-button\" href=\"https:\/\/www.xefi.ch\/fr\">XEFI Suisse<\/a><\/div>\n<\/div>\n<\/div>\n\n\n\n<div class=\"wp-block-column is-layout-flow wp-block-column-is-layout-flow\">\n<figure class=\"wp-block-image size-full\"><img loading=\"lazy\" decoding=\"async\" width=\"639\" height=\"479\" src=\"https:\/\/www.xefi.com\/wp-content\/uploads\/2025\/06\/image_xefi_belgique-e1751276854730.jpg\" alt=\"\" class=\"wp-image-61\" style=\"aspect-ratio:4\/3;object-fit:cover\" srcset=\"https:\/\/www.xefi.com\/wp-content\/uploads\/2025\/06\/image_xefi_belgique-e1751276854730.jpg 639w, https:\/\/www.xefi.com\/wp-content\/uploads\/2025\/06\/image_xefi_belgique-e1751276854730-300x225.jpg 300w\" sizes=\"auto, (max-width: 639px) 100vw, 639px\" \/><\/figure>\n\n\n\n<div class=\"wp-block-buttons is-layout-flex wp-block-buttons-is-layout-flex\">\n<div class=\"wp-block-button has-custom-width wp-block-button__width-100\"><a class=\"wp-block-button__link wp-element-button\" href=\"https:\/\/www.xefi.be\/fr\">XEFI Belgique<\/a><\/div>\n<\/div>\n<\/div>\n<\/div>\n\n\n\n<div class=\"wp-block-columns is-layout-flex wp-container-core-columns-is-layout-3369313e wp-block-columns-is-layout-flex\" style=\"margin-bottom:var(--wp--preset--spacing--50)\">\n<div class=\"wp-block-column is-layout-flow wp-block-column-is-layout-flow\">\n<figure class=\"wp-block-image size-full\"><img loading=\"lazy\" decoding=\"async\" width=\"639\" height=\"479\" src=\"https:\/\/www.xefi.com\/wp-content\/uploads\/2025\/06\/image_xefi_monaco-e1751276899896.jpg\" alt=\"\" class=\"wp-image-66\" style=\"aspect-ratio:4\/3;object-fit:cover\" srcset=\"https:\/\/www.xefi.com\/wp-content\/uploads\/2025\/06\/image_xefi_monaco-e1751276899896.jpg 639w, https:\/\/www.xefi.com\/wp-content\/uploads\/2025\/06\/image_xefi_monaco-e1751276899896-300x225.jpg 300w\" sizes=\"auto, (max-width: 639px) 100vw, 639px\" \/><\/figure>\n\n\n\n<div class=\"wp-block-buttons is-layout-flex wp-block-buttons-is-layout-flex\">\n<div class=\"wp-block-button has-custom-width wp-block-button__width-100\"><a class=\"wp-block-button__link wp-element-button\" href=\"https:\/\/www.xefi.mc\/fr\">XEFI Monaco<\/a><\/div>\n<\/div>\n<\/div>\n\n\n\n<div class=\"wp-block-column is-layout-flow wp-block-column-is-layout-flow\"><\/div>\n\n\n\n<div class=\"wp-block-column is-layout-flow wp-block-column-is-layout-flow\"><\/div>\n\n\n\n<div class=\"wp-block-column is-layout-flow wp-block-column-is-layout-flow\"><\/div>\n<\/div>\n<\/div>\n\n\n\n<div class=\"wp-block-group alignfull is-layout-constrained wp-container-core-group-is-layout-3c36e148 wp-block-group-is-layout-constrained\" style=\"padding-top:var(--wp--preset--spacing--80);padding-right:var(--wp--preset--spacing--50);padding-bottom:0;padding-left:var(--wp--preset--spacing--50)\">\n<h2 class=\"wp-block-heading has-text-align-center\" style=\"margin-bottom:var(--wp--preset--spacing--50)\"><mark style=\"background-color:rgba(0, 0, 0, 0)\" class=\"has-inline-color has-primary-color\">D\u00c9COUVRIR<\/mark> XEFI<\/h2>\n\n\n\n<p class=\"has-text-align-center\" style=\"margin-bottom:var(--wp--preset--spacing--80)\"><strong>D\u00e9couvrez l\u2019univers de XEFI&nbsp;! Acc\u00e9dez \u00e0 nos sites Internet d\u00e9di\u00e9s \u00e0 nos offres emploi et<\/strong><br><strong>nos programmes de formations en alternance.&nbsp;<\/strong><\/p>\n\n\n\n<div class=\"wp-block-columns is-layout-flex wp-container-core-columns-is-layout-47c06fe3 wp-block-columns-is-layout-flex\">\n<div class=\"wp-block-column is-layout-flow wp-block-column-is-layout-flow\">\n<figure class=\"wp-block-image size-full\"><img loading=\"lazy\" decoding=\"async\" width=\"1334\" height=\"588\" src=\"https:\/\/www.xefi.com\/wp-content\/uploads\/2025\/06\/image_xefi_carriere.jpg\" alt=\"\" class=\"wp-image-62\" srcset=\"https:\/\/www.xefi.com\/wp-content\/uploads\/2025\/06\/image_xefi_carriere.jpg 1334w, https:\/\/www.xefi.com\/wp-content\/uploads\/2025\/06\/image_xefi_carriere-300x132.jpg 300w, https:\/\/www.xefi.com\/wp-content\/uploads\/2025\/06\/image_xefi_carriere-1024x451.jpg 1024w, https:\/\/www.xefi.com\/wp-content\/uploads\/2025\/06\/image_xefi_carriere-768x339.jpg 768w\" sizes=\"auto, (max-width: 1334px) 100vw, 1334px\" \/><\/figure>\n\n\n\n<div class=\"wp-block-buttons is-layout-flex wp-block-buttons-is-layout-flex\">\n<div class=\"wp-block-button has-custom-width wp-block-button__width-100\"><a class=\"wp-block-button__link wp-element-button\" href=\"https:\/\/carriere.xefi.fr\/\" target=\"_blank\" rel=\"noreferrer noopener\">XEFI Carri\u00e8res<\/a><\/div>\n<\/div>\n<\/div>\n\n\n\n<div class=\"wp-block-column is-layout-flow wp-block-column-is-layout-flow\">\n<figure class=\"wp-block-image size-full\"><img loading=\"lazy\" decoding=\"async\" width=\"1334\" height=\"588\" src=\"https:\/\/www.xefi.com\/wp-content\/uploads\/2025\/06\/image_xefi_academy.jpg\" alt=\"\" class=\"wp-image-60\" srcset=\"https:\/\/www.xefi.com\/wp-content\/uploads\/2025\/06\/image_xefi_academy.jpg 1334w, https:\/\/www.xefi.com\/wp-content\/uploads\/2025\/06\/image_xefi_academy-300x132.jpg 300w, https:\/\/www.xefi.com\/wp-content\/uploads\/2025\/06\/image_xefi_academy-1024x451.jpg 1024w, https:\/\/www.xefi.com\/wp-content\/uploads\/2025\/06\/image_xefi_academy-768x339.jpg 768w\" sizes=\"auto, (max-width: 1334px) 100vw, 1334px\" \/><\/figure>\n\n\n\n<div class=\"wp-block-buttons is-layout-flex wp-block-buttons-is-layout-flex\">\n<div class=\"wp-block-button has-custom-width wp-block-button__width-100\"><a class=\"wp-block-button__link wp-element-button\" href=\"https:\/\/academy.xefi.com\/\" target=\"_blank\" rel=\"noreferrer noopener\">XEFI Academy<\/a><\/div>\n<\/div>\n<\/div>\n<\/div>\n<\/div>\n\n\n\n<div class=\"wp-block-group alignfull is-layout-constrained wp-container-core-group-is-layout-a47e864c wp-block-group-is-layout-constrained\" style=\"padding-top:var(--wp--preset--spacing--80);padding-right:var(--wp--preset--spacing--50);padding-bottom:var(--wp--preset--spacing--80);padding-left:var(--wp--preset--spacing--50)\">\n<h2 class=\"wp-block-heading has-text-align-center\" style=\"margin-bottom:var(--wp--preset--spacing--50)\">D\u00c9J\u00c0 <mark style=\"background-color:rgba(0, 0, 0, 0)\" class=\"has-inline-color has-primary-color\">CLIENT ?<\/mark><\/h2>\n\n\n\n<p class=\"has-text-align-center\" style=\"margin-bottom:var(--wp--preset--spacing--80)\"><strong>Retrouvez nos espaces d\u00e9di\u00e9s \u00e0 l\u2019assistance en ligne pour r\u00e9pondre \u00e0 tous vos besoins techniques&nbsp;!&nbsp;<\/strong><\/p>\n\n\n\n<div class=\"wp-block-columns is-layout-flex wp-container-core-columns-is-layout-47c06fe3 wp-block-columns-is-layout-flex\">\n<div class=\"wp-block-column is-layout-flow wp-block-column-is-layout-flow\">\n<figure class=\"wp-block-image size-full\"><img loading=\"lazy\" decoding=\"async\" width=\"1334\" height=\"588\" src=\"https:\/\/www.xefi.com\/wp-content\/uploads\/2025\/06\/image_xefi_support.jpg\" alt=\"\" class=\"wp-image-68\" srcset=\"https:\/\/www.xefi.com\/wp-content\/uploads\/2025\/06\/image_xefi_support.jpg 1334w, https:\/\/www.xefi.com\/wp-content\/uploads\/2025\/06\/image_xefi_support-300x132.jpg 300w, https:\/\/www.xefi.com\/wp-content\/uploads\/2025\/06\/image_xefi_support-1024x451.jpg 1024w, https:\/\/www.xefi.com\/wp-content\/uploads\/2025\/06\/image_xefi_support-768x339.jpg 768w\" sizes=\"auto, (max-width: 1334px) 100vw, 1334px\" \/><\/figure>\n\n\n\n<div class=\"wp-block-buttons is-layout-flex wp-block-buttons-is-layout-flex\">\n<div class=\"wp-block-button has-custom-width wp-block-button__width-100\"><a class=\"wp-block-button__link wp-element-button\" href=\"https:\/\/support.xefi.fr\/\" target=\"_blank\" rel=\"noreferrer noopener\">Support technique XEFI<\/a><\/div>\n<\/div>\n<\/div>\n\n\n\n<div class=\"wp-block-column is-layout-flow wp-block-column-is-layout-flow\">\n<figure class=\"wp-block-image size-full\"><img loading=\"lazy\" decoding=\"async\" width=\"1334\" height=\"588\" src=\"https:\/\/www.xefi.com\/wp-content\/uploads\/2025\/06\/image_xefi_espace.jpg\" alt=\"\" class=\"wp-image-63\" srcset=\"https:\/\/www.xefi.com\/wp-content\/uploads\/2025\/06\/image_xefi_espace.jpg 1334w, https:\/\/www.xefi.com\/wp-content\/uploads\/2025\/06\/image_xefi_espace-300x132.jpg 300w, https:\/\/www.xefi.com\/wp-content\/uploads\/2025\/06\/image_xefi_espace-1024x451.jpg 1024w, https:\/\/www.xefi.com\/wp-content\/uploads\/2025\/06\/image_xefi_espace-768x339.jpg 768w\" sizes=\"auto, (max-width: 1334px) 100vw, 1334px\" \/><\/figure>\n\n\n\n<div class=\"wp-block-buttons is-layout-flex wp-block-buttons-is-layout-flex\">\n<div class=\"wp-block-button has-custom-width wp-block-button__width-100\"><a class=\"wp-block-button__link wp-element-button\" href=\"https:\/\/ticket.xefi.fr\/\" target=\"_blank\" rel=\"noreferrer noopener\">Espace client XEFI<\/a><\/div>\n<\/div>\n<\/div>\n<\/div>\n<\/div>\n\n\n\n<p><\/p>\n","protected":false},"excerpt":{"rendered":"<p>nos sites internet Trouvez votre agence XEFI la plus proche&nbsp;! Nos agences de proximit\u00e9 en France et enEurope accompagnent les TPE\/PME au quotidien avec des solutions IT cl\u00e9s en main. D\u00c9COUVRIR XEFI D\u00e9couvrez l\u2019univers de XEFI&nbsp;! Acc\u00e9dez \u00e0 nos sites Internet d\u00e9di\u00e9s \u00e0 nos offres emploi etnos programmes de formations en alternance.&nbsp; D\u00c9J\u00c0 CLIENT ? [&hellip;]<\/p>\n","protected":false},"author":1,"featured_media":0,"parent":0,"menu_order":0,"comment_status":"closed","ping_status":"closed","template":"","meta":{"_acf_changed":false,"footnotes":""},"class_list":["post-2","page","type-page","status-publish","hentry"],"acf":[],"yoast_head":"<!-- This site is optimized with the Yoast SEO plugin v25.2 - https:\/\/yoast.com\/wordpress\/plugins\/seo\/ -->\n<title>Accueil | Portail<\/title>\n<meta name=\"robots\" content=\"index, follow, max-snippet:-1, max-image-preview:large, max-video-preview:-1\" \/>\n<link rel=\"canonical\" href=\"https:\/\/www.xefi.com\/fr\/\" \/>\n<meta property=\"og:locale\" content=\"fr_FR\" \/>\n<meta property=\"og:type\" content=\"article\" \/>\n<meta property=\"og:title\" content=\"Accueil | Portail\" \/>\n<meta property=\"og:description\" content=\"nos sites internet Trouvez votre agence XEFI la plus proche&nbsp;! Nos agences de proximit\u00e9 en France et enEurope accompagnent les TPE\/PME au quotidien avec des solutions IT cl\u00e9s en main. D\u00c9COUVRIR XEFI D\u00e9couvrez l\u2019univers de XEFI&nbsp;! Acc\u00e9dez \u00e0 nos sites Internet d\u00e9di\u00e9s \u00e0 nos offres emploi etnos programmes de formations en alternance.&nbsp; D\u00c9J\u00c0 CLIENT ? [&hellip;]\" \/>\n<meta property=\"og:url\" content=\"https:\/\/www.xefi.com\/fr\/\" \/>\n<meta property=\"og:site_name\" content=\"Portail\" \/>\n<meta property=\"article:modified_time\" content=\"2025-10-21T08:30:12+00:00\" \/>\n<meta property=\"og:image\" content=\"https:\/\/www.xefi.com\/wp-content\/uploads\/2025\/06\/image_xefi_france-e1751276885436.jpg\" \/>\n\t<meta property=\"og:image:width\" content=\"638\" \/>\n\t<meta property=\"og:image:height\" content=\"479\" \/>\n\t<meta property=\"og:image:type\" content=\"image\/jpeg\" \/>\n<meta name=\"twitter:card\" content=\"summary_large_image\" \/>\n<meta name=\"twitter:label1\" content=\"Dur\u00e9e de lecture estim\u00e9e\" \/>\n\t<meta name=\"twitter:data1\" content=\"3 minutes\" \/>\n<script type=\"application\/ld+json\" class=\"yoast-schema-graph\">{\"@context\":\"https:\/\/schema.org\",\"@graph\":[{\"@type\":\"WebPage\",\"@id\":\"https:\/\/www.xefi.com\/fr\/\",\"url\":\"https:\/\/www.xefi.com\/fr\/\",\"name\":\"Accueil | Portail\",\"isPartOf\":{\"@id\":\"https:\/\/www.xefi.com\/fr\/#website\"},\"primaryImageOfPage\":{\"@id\":\"https:\/\/www.xefi.com\/fr\/#primaryimage\"},\"image\":{\"@id\":\"https:\/\/www.xefi.com\/fr\/#primaryimage\"},\"thumbnailUrl\":\"https:\/\/www.xefi.com\/wp-content\/uploads\/2025\/06\/image_xefi_france-e1751276885436.jpg\",\"datePublished\":\"2025-04-10T15:20:13+00:00\",\"dateModified\":\"2025-10-21T08:30:12+00:00\",\"breadcrumb\":{\"@id\":\"https:\/\/www.xefi.com\/fr\/#breadcrumb\"},\"inLanguage\":\"fr-FR\",\"potentialAction\":[{\"@type\":\"ReadAction\",\"target\":[\"https:\/\/www.xefi.com\/fr\/\"]}]},{\"@type\":\"ImageObject\",\"inLanguage\":\"fr-FR\",\"@id\":\"https:\/\/www.xefi.com\/fr\/#primaryimage\",\"url\":\"https:\/\/www.xefi.com\/wp-content\/uploads\/2025\/06\/image_xefi_france-e1751276885436.jpg\",\"contentUrl\":\"https:\/\/www.xefi.com\/wp-content\/uploads\/2025\/06\/image_xefi_france-e1751276885436.jpg\"},{\"@type\":\"BreadcrumbList\",\"@id\":\"https:\/\/www.xefi.com\/fr\/#breadcrumb\",\"itemListElement\":[{\"@type\":\"ListItem\",\"position\":1,\"name\":\"Accueil\",\"item\":\"https:\/\/www.xefi.com\/fr\/\"},{\"@type\":\"ListItem\",\"position\":2,\"name\":\"Accueil\"}]},{\"@type\":\"WebSite\",\"@id\":\"https:\/\/www.xefi.com\/fr\/#website\",\"url\":\"https:\/\/www.xefi.com\/fr\/\",\"name\":\"Portail\",\"description\":\"XEFI Portail\",\"potentialAction\":[{\"@type\":\"SearchAction\",\"target\":{\"@type\":\"EntryPoint\",\"urlTemplate\":\"https:\/\/www.xefi.com\/fr\/?s={search_term_string}\"},\"query-input\":{\"@type\":\"PropertyValueSpecification\",\"valueRequired\":true,\"valueName\":\"search_term_string\"}}],\"inLanguage\":\"fr-FR\"}]}<\/script>\n<!-- \/ Yoast SEO plugin. -->","yoast_head_json":{"title":"Accueil | Portail","robots":{"index":"index","follow":"follow","max-snippet":"max-snippet:-1","max-image-preview":"max-image-preview:large","max-video-preview":"max-video-preview:-1"},"canonical":"https:\/\/www.xefi.com\/fr\/","og_locale":"fr_FR","og_type":"article","og_title":"Accueil | Portail","og_description":"nos sites internet Trouvez votre agence XEFI la plus proche&nbsp;! Nos agences de proximit\u00e9 en France et enEurope accompagnent les TPE\/PME au quotidien avec des solutions IT cl\u00e9s en main. D\u00c9COUVRIR XEFI D\u00e9couvrez l\u2019univers de XEFI&nbsp;! Acc\u00e9dez \u00e0 nos sites Internet d\u00e9di\u00e9s \u00e0 nos offres emploi etnos programmes de formations en alternance.&nbsp; D\u00c9J\u00c0 CLIENT ? [&hellip;]","og_url":"https:\/\/www.xefi.com\/fr\/","og_site_name":"Portail","article_modified_time":"2025-10-21T08:30:12+00:00","og_image":[{"width":638,"height":479,"url":"https:\/\/www.xefi.com\/wp-content\/uploads\/2025\/06\/image_xefi_france-e1751276885436.jpg","type":"image\/jpeg"}],"twitter_card":"summary_large_image","twitter_misc":{"Dur\u00e9e de lecture estim\u00e9e":"3 minutes"},"schema":{"@context":"https:\/\/schema.org","@graph":[{"@type":"WebPage","@id":"https:\/\/www.xefi.com\/fr\/","url":"https:\/\/www.xefi.com\/fr\/","name":"Accueil | Portail","isPartOf":{"@id":"https:\/\/www.xefi.com\/fr\/#website"},"primaryImageOfPage":{"@id":"https:\/\/www.xefi.com\/fr\/#primaryimage"},"image":{"@id":"https:\/\/www.xefi.com\/fr\/#primaryimage"},"thumbnailUrl":"https:\/\/www.xefi.com\/wp-content\/uploads\/2025\/06\/image_xefi_france-e1751276885436.jpg","datePublished":"2025-04-10T15:20:13+00:00","dateModified":"2025-10-21T08:30:12+00:00","breadcrumb":{"@id":"https:\/\/www.xefi.com\/fr\/#breadcrumb"},"inLanguage":"fr-FR","potentialAction":[{"@type":"ReadAction","target":["https:\/\/www.xefi.com\/fr\/"]}]},{"@type":"ImageObject","inLanguage":"fr-FR","@id":"https:\/\/www.xefi.com\/fr\/#primaryimage","url":"https:\/\/www.xefi.com\/wp-content\/uploads\/2025\/06\/image_xefi_france-e1751276885436.jpg","contentUrl":"https:\/\/www.xefi.com\/wp-content\/uploads\/2025\/06\/image_xefi_france-e1751276885436.jpg"},{"@type":"BreadcrumbList","@id":"https:\/\/www.xefi.com\/fr\/#breadcrumb","itemListElement":[{"@type":"ListItem","position":1,"name":"Accueil","item":"https:\/\/www.xefi.com\/fr\/"},{"@type":"ListItem","position":2,"name":"Accueil"}]},{"@type":"WebSite","@id":"https:\/\/www.xefi.com\/fr\/#website","url":"https:\/\/www.xefi.com\/fr\/","name":"Portail","description":"XEFI Portail","potentialAction":[{"@type":"SearchAction","target":{"@type":"EntryPoint","urlTemplate":"https:\/\/www.xefi.com\/fr\/?s={search_term_string}"},"query-input":{"@type":"PropertyValueSpecification","valueRequired":true,"valueName":"search_term_string"}}],"inLanguage":"fr-FR"}]}},"_links":{"self":[{"href":"https:\/\/www.xefi.com\/fr\/wp-json\/wp\/v2\/pages\/2","targetHints":{"allow":["GET"]}}],"collection":[{"href":"https:\/\/www.xefi.com\/fr\/wp-json\/wp\/v2\/pages"}],"about":[{"href":"https:\/\/www.xefi.com\/fr\/wp-json\/wp\/v2\/types\/page"}],"author":[{"embeddable":true,"href":"https:\/\/www.xefi.com\/fr\/wp-json\/wp\/v2\/users\/1"}],"replies":[{"embeddable":true,"href":"https:\/\/www.xefi.com\/fr\/wp-json\/wp\/v2\/comments?post=2"}],"version-history":[{"count":9,"href":"https:\/\/www.xefi.com\/fr\/wp-json\/wp\/v2\/pages\/2\/revisions"}],"predecessor-version":[{"id":158,"href":"https:\/\/www.xefi.com\/fr\/wp-json\/wp\/v2\/pages\/2\/revisions\/158"}],"wp:attachment":[{"href":"https:\/\/www.xefi.com\/fr\/wp-json\/wp\/v2\/media?parent=2"}],"curies":[{"name":"wp","href":"https:\/\/api.w.org\/{rel}","templated":true}]}}