{"id":147,"date":"2025-04-10T17:20:13","date_gmt":"2025-04-10T15:20:13","guid":{"rendered":"https:\/\/www.xefi.com\/pagina-dinici\/"},"modified":"2025-10-21T10:37:59","modified_gmt":"2025-10-21T08:37:59","slug":"pagina-dinici","status":"publish","type":"page","link":"https:\/\/www.xefi.com\/ca\/","title":{"rendered":"P\u00e0gina d&#8217;inici"},"content":{"rendered":"\n<div class=\"wp-block-group alignfull is-layout-constrained wp-container-core-group-is-layout-3c36e148 wp-block-group-is-layout-constrained\" style=\"padding-top:var(--wp--preset--spacing--80);padding-right:var(--wp--preset--spacing--50);padding-bottom:0;padding-left:var(--wp--preset--spacing--50)\">\n<h2 class=\"wp-block-heading has-text-align-center\" style=\"margin-bottom:var(--wp--preset--spacing--50)\">els <mark style=\"background-color:rgba(0, 0, 0, 0)\" class=\"has-inline-color has-primary-color\">nostres llocs web<\/mark><\/h2>\n\n\n\n<p class=\"has-text-align-center\" style=\"margin-bottom:var(--wp--preset--spacing--80)\"><strong>Trobi la seva ag\u00e8ncia XEFI m\u00e9s propera! Les nostres ag\u00e8ncies de proximitat a Fran\u00e7a i a<\/strong><br\/><strong>Europa acompanyen les PIME i microempreses di\u00e0riament amb solucions TIC clau en m\u00e0.<\/strong><\/p>\n\n\n\n<div class=\"wp-block-columns is-layout-flex wp-container-core-columns-is-layout-3369313e wp-block-columns-is-layout-flex\" style=\"margin-bottom:var(--wp--preset--spacing--50)\">\n<div class=\"wp-block-column is-layout-flow wp-block-column-is-layout-flow\">\n<figure class=\"wp-block-image size-full\"><img loading=\"lazy\" decoding=\"async\" width=\"638\" height=\"479\" src=\"https:\/\/www.xefi.com\/wp-content\/uploads\/2025\/06\/image_xefi_france-e1751276885436.jpg\" alt=\"\" class=\"wp-image-65\" style=\"aspect-ratio:4\/3;object-fit:cover\" srcset=\"https:\/\/www.xefi.com\/wp-content\/uploads\/2025\/06\/image_xefi_france-e1751276885436.jpg 638w, https:\/\/www.xefi.com\/wp-content\/uploads\/2025\/06\/image_xefi_france-e1751276885436-300x225.jpg 300w\" sizes=\"auto, (max-width: 638px) 100vw, 638px\" \/><\/figure>\n\n\n\n<div class=\"wp-block-buttons is-layout-flex wp-block-buttons-is-layout-flex\">\n<div class=\"wp-block-button has-custom-width wp-block-button__width-100\"><a class=\"wp-block-button__link wp-element-button\" href=\"https:\/\/www.xefi.fr\/fr\">XEFI Fran\u00e7a<\/a><\/div>\n<\/div>\n<\/div>\n\n\n\n<div class=\"wp-block-column is-layout-flow wp-block-column-is-layout-flow\">\n<figure class=\"wp-block-image size-full\"><img loading=\"lazy\" decoding=\"async\" width=\"637\" height=\"478\" src=\"https:\/\/www.xefi.com\/wp-content\/uploads\/2025\/06\/image_xefi_espagne-e1751276870825.jpg\" alt=\"\" class=\"wp-image-64\" style=\"aspect-ratio:4\/3;object-fit:cover\" srcset=\"https:\/\/www.xefi.com\/wp-content\/uploads\/2025\/06\/image_xefi_espagne-e1751276870825.jpg 637w, https:\/\/www.xefi.com\/wp-content\/uploads\/2025\/06\/image_xefi_espagne-e1751276870825-300x225.jpg 300w\" sizes=\"auto, (max-width: 637px) 100vw, 637px\" \/><\/figure>\n\n\n\n<div class=\"wp-block-buttons is-layout-flex wp-block-buttons-is-layout-flex\">\n<div class=\"wp-block-button has-custom-width wp-block-button__width-100\"><a class=\"wp-block-button__link wp-element-button\" href=\"https:\/\/www.xefi.es\/ca\">XEFI Espanya<\/a><\/div>\n<\/div>\n<\/div>\n\n\n\n<div class=\"wp-block-column is-layout-flow wp-block-column-is-layout-flow\">\n<figure class=\"wp-block-image size-full\"><img loading=\"lazy\" decoding=\"async\" width=\"639\" height=\"479\" src=\"https:\/\/www.xefi.com\/wp-content\/uploads\/2025\/06\/image_xefi_suisse-e1751276909297.jpg\" alt=\"\" class=\"wp-image-67\" style=\"aspect-ratio:4\/3;object-fit:cover\" srcset=\"https:\/\/www.xefi.com\/wp-content\/uploads\/2025\/06\/image_xefi_suisse-e1751276909297.jpg 639w, https:\/\/www.xefi.com\/wp-content\/uploads\/2025\/06\/image_xefi_suisse-e1751276909297-300x225.jpg 300w\" sizes=\"auto, (max-width: 639px) 100vw, 639px\" \/><\/figure>\n\n\n\n<div class=\"wp-block-buttons is-layout-flex wp-block-buttons-is-layout-flex\">\n<div class=\"wp-block-button has-custom-width wp-block-button__width-100\"><a class=\"wp-block-button__link wp-element-button\" href=\"https:\/\/www.xefi.ch\/fr\">XEFI Su\u00efssa<\/a><\/div>\n<\/div>\n<\/div>\n\n\n\n<div class=\"wp-block-column is-layout-flow wp-block-column-is-layout-flow\">\n<figure class=\"wp-block-image size-full\"><img loading=\"lazy\" decoding=\"async\" width=\"639\" height=\"479\" src=\"https:\/\/www.xefi.com\/wp-content\/uploads\/2025\/06\/image_xefi_belgique-e1751276854730.jpg\" alt=\"\" class=\"wp-image-61\" style=\"aspect-ratio:4\/3;object-fit:cover\" srcset=\"https:\/\/www.xefi.com\/wp-content\/uploads\/2025\/06\/image_xefi_belgique-e1751276854730.jpg 639w, https:\/\/www.xefi.com\/wp-content\/uploads\/2025\/06\/image_xefi_belgique-e1751276854730-300x225.jpg 300w\" sizes=\"auto, (max-width: 639px) 100vw, 639px\" \/><\/figure>\n\n\n\n<div class=\"wp-block-buttons is-layout-flex wp-block-buttons-is-layout-flex\">\n<div class=\"wp-block-button has-custom-width wp-block-button__width-100\"><a class=\"wp-block-button__link wp-element-button\" href=\"https:\/\/www.xefi.be\/en\">XEFI B\u00e8lgica<\/a><\/div>\n<\/div>\n<\/div>\n<\/div>\n\n\n\n<div class=\"wp-block-columns is-layout-flex wp-container-core-columns-is-layout-3369313e wp-block-columns-is-layout-flex\" style=\"margin-bottom:var(--wp--preset--spacing--50)\">\n<div class=\"wp-block-column is-layout-flow wp-block-column-is-layout-flow\">\n<figure class=\"wp-block-image size-full\"><img loading=\"lazy\" decoding=\"async\" width=\"639\" height=\"479\" src=\"https:\/\/www.xefi.com\/wp-content\/uploads\/2025\/06\/image_xefi_monaco-e1751276899896.jpg\" alt=\"\" class=\"wp-image-66\" style=\"aspect-ratio:4\/3;object-fit:cover\" srcset=\"https:\/\/www.xefi.com\/wp-content\/uploads\/2025\/06\/image_xefi_monaco-e1751276899896.jpg 639w, https:\/\/www.xefi.com\/wp-content\/uploads\/2025\/06\/image_xefi_monaco-e1751276899896-300x225.jpg 300w\" sizes=\"auto, (max-width: 639px) 100vw, 639px\" \/><\/figure>\n\n\n\n<div class=\"wp-block-buttons is-layout-flex wp-block-buttons-is-layout-flex\">\n<div class=\"wp-block-button has-custom-width wp-block-button__width-100\"><a class=\"wp-block-button__link wp-element-button\" href=\"https:\/\/www.xefi.mc\/fr\">XEFI M\u00f2naco<\/a><\/div>\n<\/div>\n<\/div>\n\n\n\n<div class=\"wp-block-column is-layout-flow wp-block-column-is-layout-flow\"><\/div>\n\n\n\n<div class=\"wp-block-column is-layout-flow wp-block-column-is-layout-flow\"><\/div>\n\n\n\n<div class=\"wp-block-column is-layout-flow wp-block-column-is-layout-flow\"><\/div>\n<\/div>\n<\/div>\n\n<div class=\"wp-block-group alignfull is-layout-constrained wp-container-core-group-is-layout-3c36e148 wp-block-group-is-layout-constrained\" style=\"padding-top:var(--wp--preset--spacing--80);padding-right:var(--wp--preset--spacing--50);padding-bottom:0;padding-left:var(--wp--preset--spacing--50)\">\n<h2 class=\"wp-block-heading has-text-align-center\" style=\"margin-bottom:var(--wp--preset--spacing--50)\">Descobrir XEFI<\/h2>\n\n\n\n<p class=\"has-text-align-center\" style=\"margin-bottom:var(--wp--preset--spacing--80)\"><strong>Descobreixi l\u2019univers de XEFI! Accedeixi als nostres llocs d\u2019internet dedicats a ofertes de feina i<\/strong><br\/><strong>als nostres programes de formaci\u00f3 dual. <\/strong><\/p>\n\n\n\n<div class=\"wp-block-columns is-layout-flex wp-container-core-columns-is-layout-47c06fe3 wp-block-columns-is-layout-flex\">\n<div class=\"wp-block-column is-layout-flow wp-block-column-is-layout-flow\">\n<figure class=\"wp-block-image size-full\"><img loading=\"lazy\" decoding=\"async\" width=\"1334\" height=\"588\" src=\"https:\/\/www.xefi.com\/wp-content\/uploads\/2025\/06\/image_xefi_carriere.jpg\" alt=\"\" class=\"wp-image-62\" srcset=\"https:\/\/www.xefi.com\/wp-content\/uploads\/2025\/06\/image_xefi_carriere.jpg 1334w, https:\/\/www.xefi.com\/wp-content\/uploads\/2025\/06\/image_xefi_carriere-300x132.jpg 300w, https:\/\/www.xefi.com\/wp-content\/uploads\/2025\/06\/image_xefi_carriere-1024x451.jpg 1024w, https:\/\/www.xefi.com\/wp-content\/uploads\/2025\/06\/image_xefi_carriere-768x339.jpg 768w\" sizes=\"auto, (max-width: 1334px) 100vw, 1334px\" \/><\/figure>\n\n\n\n<div class=\"wp-block-buttons is-layout-flex wp-block-buttons-is-layout-flex\">\n<div class=\"wp-block-button has-custom-width wp-block-button__width-100\"><a class=\"wp-block-button__link wp-element-button\" href=\"https:\/\/carriere.xefi.fr\/\" target=\"_blank\" rel=\"noreferrer noopener\">Carreres a XEFI<\/a><\/div>\n<\/div>\n<\/div>\n\n\n\n<div class=\"wp-block-column is-layout-flow wp-block-column-is-layout-flow\">\n<figure class=\"wp-block-image size-full\"><img loading=\"lazy\" decoding=\"async\" width=\"1334\" height=\"588\" src=\"https:\/\/www.xefi.com\/wp-content\/uploads\/2025\/06\/image_xefi_academy.jpg\" alt=\"\" class=\"wp-image-60\" srcset=\"https:\/\/www.xefi.com\/wp-content\/uploads\/2025\/06\/image_xefi_academy.jpg 1334w, https:\/\/www.xefi.com\/wp-content\/uploads\/2025\/06\/image_xefi_academy-300x132.jpg 300w, https:\/\/www.xefi.com\/wp-content\/uploads\/2025\/06\/image_xefi_academy-1024x451.jpg 1024w, https:\/\/www.xefi.com\/wp-content\/uploads\/2025\/06\/image_xefi_academy-768x339.jpg 768w\" sizes=\"auto, (max-width: 1334px) 100vw, 1334px\" \/><\/figure>\n\n\n\n<div class=\"wp-block-buttons is-layout-flex wp-block-buttons-is-layout-flex\">\n<div class=\"wp-block-button has-custom-width wp-block-button__width-100\"><a class=\"wp-block-button__link wp-element-button\" href=\"https:\/\/academy.xefi.com\/\" target=\"_blank\" rel=\"noreferrer noopener\">XEFI Academy<\/a><\/div>\n<\/div>\n<\/div>\n<\/div>\n<\/div>\n\n<div class=\"wp-block-group alignfull is-layout-constrained wp-container-core-group-is-layout-a47e864c wp-block-group-is-layout-constrained\" style=\"padding-top:var(--wp--preset--spacing--80);padding-right:var(--wp--preset--spacing--50);padding-bottom:var(--wp--preset--spacing--80);padding-left:var(--wp--preset--spacing--50)\">\n<h2 class=\"wp-block-heading has-text-align-center\" style=\"margin-bottom:var(--wp--preset--spacing--50)\">Ja \u00e9s <mark style=\"background-color:rgba(0, 0, 0, 0)\" class=\"has-inline-color has-primary-color\">client? <\/mark><\/h2>\n\n\n\n<p class=\"has-text-align-center\" style=\"margin-bottom:var(--wp--preset--spacing--80)\"><strong>Trobi els nostres espais dedicats a l&#8217;assist\u00e8ncia en l\u00ednia per respondre a totes les seves necessitats t\u00e8cniques. <\/strong><\/p>\n\n\n\n<div class=\"wp-block-columns is-layout-flex wp-container-core-columns-is-layout-47c06fe3 wp-block-columns-is-layout-flex\">\n<div class=\"wp-block-column is-layout-flow wp-block-column-is-layout-flow\">\n<figure class=\"wp-block-image size-full\"><img loading=\"lazy\" decoding=\"async\" width=\"1334\" height=\"588\" src=\"https:\/\/www.xefi.com\/wp-content\/uploads\/2025\/06\/image_xefi_support.jpg\" alt=\"\" class=\"wp-image-68\" srcset=\"https:\/\/www.xefi.com\/wp-content\/uploads\/2025\/06\/image_xefi_support.jpg 1334w, https:\/\/www.xefi.com\/wp-content\/uploads\/2025\/06\/image_xefi_support-300x132.jpg 300w, https:\/\/www.xefi.com\/wp-content\/uploads\/2025\/06\/image_xefi_support-1024x451.jpg 1024w, https:\/\/www.xefi.com\/wp-content\/uploads\/2025\/06\/image_xefi_support-768x339.jpg 768w\" sizes=\"auto, (max-width: 1334px) 100vw, 1334px\" \/><\/figure>\n\n\n\n<div class=\"wp-block-buttons is-layout-flex wp-block-buttons-is-layout-flex\">\n<div class=\"wp-block-button has-custom-width wp-block-button__width-100\"><a class=\"wp-block-button__link wp-element-button\" href=\"https:\/\/support.xefi.fr\/\" target=\"_blank\" rel=\"noreferrer noopener\">Assist\u00e8ncia t\u00e8cnica de XEFI<\/a><\/div>\n<\/div>\n<\/div>\n\n\n\n<div class=\"wp-block-column is-layout-flow wp-block-column-is-layout-flow\">\n<figure class=\"wp-block-image size-full\"><img loading=\"lazy\" decoding=\"async\" width=\"1334\" height=\"588\" src=\"https:\/\/www.xefi.com\/wp-content\/uploads\/2025\/06\/image_xefi_espace.jpg\" alt=\"\" class=\"wp-image-63\" srcset=\"https:\/\/www.xefi.com\/wp-content\/uploads\/2025\/06\/image_xefi_espace.jpg 1334w, https:\/\/www.xefi.com\/wp-content\/uploads\/2025\/06\/image_xefi_espace-300x132.jpg 300w, https:\/\/www.xefi.com\/wp-content\/uploads\/2025\/06\/image_xefi_espace-1024x451.jpg 1024w, https:\/\/www.xefi.com\/wp-content\/uploads\/2025\/06\/image_xefi_espace-768x339.jpg 768w\" sizes=\"auto, (max-width: 1334px) 100vw, 1334px\" \/><\/figure>\n\n\n\n<div class=\"wp-block-buttons is-layout-flex wp-block-buttons-is-layout-flex\">\n<div class=\"wp-block-button has-custom-width wp-block-button__width-100\"><a class=\"wp-block-button__link wp-element-button\" href=\"https:\/\/ticket.xefi.fr\/\" target=\"_blank\" rel=\"noreferrer noopener\">Espai client de XEFI<\/a><\/div>\n<\/div>\n<\/div>\n<\/div>\n<\/div>\n\n<p><\/p>\n","protected":false},"excerpt":{"rendered":"<p>els nostres llocs web Trobi la seva ag\u00e8ncia XEFI m\u00e9s propera! Les nostres ag\u00e8ncies de proximitat a Fran\u00e7a i aEuropa acompanyen les PIME i microempreses di\u00e0riament amb solucions TIC clau en m\u00e0. Descobrir XEFI Descobreixi l\u2019univers de XEFI! Accedeixi als nostres llocs d\u2019internet dedicats a ofertes de feina ials nostres programes de formaci\u00f3 dual. Ja [&hellip;]<\/p>\n","protected":false},"author":1,"featured_media":0,"parent":0,"menu_order":0,"comment_status":"closed","ping_status":"closed","template":"","meta":{"_acf_changed":false,"footnotes":""},"class_list":["post-147","page","type-page","status-publish","hentry"],"acf":[],"yoast_head":"<!-- This site is optimized with the Yoast SEO plugin v25.2 - https:\/\/yoast.com\/wordpress\/plugins\/seo\/ -->\n<title>P\u00e0gina d&#039;inici | Portail<\/title>\n<meta name=\"robots\" content=\"index, follow, max-snippet:-1, max-image-preview:large, max-video-preview:-1\" \/>\n<link rel=\"canonical\" href=\"https:\/\/www.xefi.com\/ca\/\" \/>\n<meta property=\"og:locale\" content=\"ca_ES\" \/>\n<meta property=\"og:type\" content=\"article\" \/>\n<meta property=\"og:title\" content=\"P\u00e0gina d&#039;inici | Portail\" \/>\n<meta property=\"og:description\" content=\"els nostres llocs web Trobi la seva ag\u00e8ncia XEFI m\u00e9s propera! Les nostres ag\u00e8ncies de proximitat a Fran\u00e7a i aEuropa acompanyen les PIME i microempreses di\u00e0riament amb solucions TIC clau en m\u00e0. Descobrir XEFI Descobreixi l\u2019univers de XEFI! Accedeixi als nostres llocs d\u2019internet dedicats a ofertes de feina ials nostres programes de formaci\u00f3 dual. Ja [&hellip;]\" \/>\n<meta property=\"og:url\" content=\"https:\/\/www.xefi.com\/ca\/\" \/>\n<meta property=\"og:site_name\" content=\"Portail\" \/>\n<meta property=\"article:modified_time\" content=\"2025-10-21T08:37:59+00:00\" \/>\n<meta property=\"og:image\" content=\"https:\/\/www.xefi.com\/wp-content\/uploads\/2025\/06\/image_xefi_france-e1751276885436.jpg\" \/>\n\t<meta property=\"og:image:width\" content=\"638\" \/>\n\t<meta property=\"og:image:height\" content=\"479\" \/>\n\t<meta property=\"og:image:type\" content=\"image\/jpeg\" \/>\n<meta name=\"twitter:card\" content=\"summary_large_image\" \/>\n<meta name=\"twitter:label1\" content=\"Est. reading time\" \/>\n\t<meta name=\"twitter:data1\" content=\"1 minute\" \/>\n<script type=\"application\/ld+json\" class=\"yoast-schema-graph\">{\"@context\":\"https:\/\/schema.org\",\"@graph\":[{\"@type\":\"WebPage\",\"@id\":\"https:\/\/www.xefi.com\/ca\/\",\"url\":\"https:\/\/www.xefi.com\/ca\/\",\"name\":\"P\u00e0gina d'inici | Portail\",\"isPartOf\":{\"@id\":\"https:\/\/www.xefi.com\/ca\/#website\"},\"primaryImageOfPage\":{\"@id\":\"https:\/\/www.xefi.com\/ca\/#primaryimage\"},\"image\":{\"@id\":\"https:\/\/www.xefi.com\/ca\/#primaryimage\"},\"thumbnailUrl\":\"https:\/\/www.xefi.com\/wp-content\/uploads\/2025\/06\/image_xefi_france-e1751276885436.jpg\",\"datePublished\":\"2025-04-10T15:20:13+00:00\",\"dateModified\":\"2025-10-21T08:37:59+00:00\",\"breadcrumb\":{\"@id\":\"https:\/\/www.xefi.com\/ca\/#breadcrumb\"},\"inLanguage\":\"ca-ES\",\"potentialAction\":[{\"@type\":\"ReadAction\",\"target\":[\"https:\/\/www.xefi.com\/ca\/\"]}]},{\"@type\":\"ImageObject\",\"inLanguage\":\"ca-ES\",\"@id\":\"https:\/\/www.xefi.com\/ca\/#primaryimage\",\"url\":\"https:\/\/www.xefi.com\/wp-content\/uploads\/2025\/06\/image_xefi_france-e1751276885436.jpg\",\"contentUrl\":\"https:\/\/www.xefi.com\/wp-content\/uploads\/2025\/06\/image_xefi_france-e1751276885436.jpg\"},{\"@type\":\"BreadcrumbList\",\"@id\":\"https:\/\/www.xefi.com\/ca\/#breadcrumb\",\"itemListElement\":[{\"@type\":\"ListItem\",\"position\":1,\"name\":\"Accueil\",\"item\":\"https:\/\/www.xefi.com\/ca\/\"},{\"@type\":\"ListItem\",\"position\":2,\"name\":\"P\u00e0gina d&#8217;inici\"}]},{\"@type\":\"WebSite\",\"@id\":\"https:\/\/www.xefi.com\/ca\/#website\",\"url\":\"https:\/\/www.xefi.com\/ca\/\",\"name\":\"Portail\",\"description\":\"XEFI Portail\",\"potentialAction\":[{\"@type\":\"SearchAction\",\"target\":{\"@type\":\"EntryPoint\",\"urlTemplate\":\"https:\/\/www.xefi.com\/ca\/?s={search_term_string}\"},\"query-input\":{\"@type\":\"PropertyValueSpecification\",\"valueRequired\":true,\"valueName\":\"search_term_string\"}}],\"inLanguage\":\"ca-ES\"}]}<\/script>\n<!-- \/ Yoast SEO plugin. -->","yoast_head_json":{"title":"P\u00e0gina d'inici | Portail","robots":{"index":"index","follow":"follow","max-snippet":"max-snippet:-1","max-image-preview":"max-image-preview:large","max-video-preview":"max-video-preview:-1"},"canonical":"https:\/\/www.xefi.com\/ca\/","og_locale":"ca_ES","og_type":"article","og_title":"P\u00e0gina d'inici | Portail","og_description":"els nostres llocs web Trobi la seva ag\u00e8ncia XEFI m\u00e9s propera! Les nostres ag\u00e8ncies de proximitat a Fran\u00e7a i aEuropa acompanyen les PIME i microempreses di\u00e0riament amb solucions TIC clau en m\u00e0. Descobrir XEFI Descobreixi l\u2019univers de XEFI! Accedeixi als nostres llocs d\u2019internet dedicats a ofertes de feina ials nostres programes de formaci\u00f3 dual. Ja [&hellip;]","og_url":"https:\/\/www.xefi.com\/ca\/","og_site_name":"Portail","article_modified_time":"2025-10-21T08:37:59+00:00","og_image":[{"width":638,"height":479,"url":"https:\/\/www.xefi.com\/wp-content\/uploads\/2025\/06\/image_xefi_france-e1751276885436.jpg","type":"image\/jpeg"}],"twitter_card":"summary_large_image","twitter_misc":{"Est. reading time":"1 minute"},"schema":{"@context":"https:\/\/schema.org","@graph":[{"@type":"WebPage","@id":"https:\/\/www.xefi.com\/ca\/","url":"https:\/\/www.xefi.com\/ca\/","name":"P\u00e0gina d'inici | Portail","isPartOf":{"@id":"https:\/\/www.xefi.com\/ca\/#website"},"primaryImageOfPage":{"@id":"https:\/\/www.xefi.com\/ca\/#primaryimage"},"image":{"@id":"https:\/\/www.xefi.com\/ca\/#primaryimage"},"thumbnailUrl":"https:\/\/www.xefi.com\/wp-content\/uploads\/2025\/06\/image_xefi_france-e1751276885436.jpg","datePublished":"2025-04-10T15:20:13+00:00","dateModified":"2025-10-21T08:37:59+00:00","breadcrumb":{"@id":"https:\/\/www.xefi.com\/ca\/#breadcrumb"},"inLanguage":"ca-ES","potentialAction":[{"@type":"ReadAction","target":["https:\/\/www.xefi.com\/ca\/"]}]},{"@type":"ImageObject","inLanguage":"ca-ES","@id":"https:\/\/www.xefi.com\/ca\/#primaryimage","url":"https:\/\/www.xefi.com\/wp-content\/uploads\/2025\/06\/image_xefi_france-e1751276885436.jpg","contentUrl":"https:\/\/www.xefi.com\/wp-content\/uploads\/2025\/06\/image_xefi_france-e1751276885436.jpg"},{"@type":"BreadcrumbList","@id":"https:\/\/www.xefi.com\/ca\/#breadcrumb","itemListElement":[{"@type":"ListItem","position":1,"name":"Accueil","item":"https:\/\/www.xefi.com\/ca\/"},{"@type":"ListItem","position":2,"name":"P\u00e0gina d&#8217;inici"}]},{"@type":"WebSite","@id":"https:\/\/www.xefi.com\/ca\/#website","url":"https:\/\/www.xefi.com\/ca\/","name":"Portail","description":"XEFI Portail","potentialAction":[{"@type":"SearchAction","target":{"@type":"EntryPoint","urlTemplate":"https:\/\/www.xefi.com\/ca\/?s={search_term_string}"},"query-input":{"@type":"PropertyValueSpecification","valueRequired":true,"valueName":"search_term_string"}}],"inLanguage":"ca-ES"}]}},"_links":{"self":[{"href":"https:\/\/www.xefi.com\/ca\/wp-json\/wp\/v2\/pages\/147","targetHints":{"allow":["GET"]}}],"collection":[{"href":"https:\/\/www.xefi.com\/ca\/wp-json\/wp\/v2\/pages"}],"about":[{"href":"https:\/\/www.xefi.com\/ca\/wp-json\/wp\/v2\/types\/page"}],"author":[{"embeddable":true,"href":"https:\/\/www.xefi.com\/ca\/wp-json\/wp\/v2\/users\/1"}],"replies":[{"embeddable":true,"href":"https:\/\/www.xefi.com\/ca\/wp-json\/wp\/v2\/comments?post=147"}],"version-history":[{"count":2,"href":"https:\/\/www.xefi.com\/ca\/wp-json\/wp\/v2\/pages\/147\/revisions"}],"predecessor-version":[{"id":161,"href":"https:\/\/www.xefi.com\/ca\/wp-json\/wp\/v2\/pages\/147\/revisions\/161"}],"wp:attachment":[{"href":"https:\/\/www.xefi.com\/ca\/wp-json\/wp\/v2\/media?parent=147"}],"curies":[{"name":"wp","href":"https:\/\/api.w.org\/{rel}","templated":true}]}}